{"id":302,"date":"2023-11-07T06:32:55","date_gmt":"2023-11-07T06:32:55","guid":{"rendered":"https:\/\/angola.majiyetu.org\/?page_id=302"},"modified":"2025-08-08T08:42:28","modified_gmt":"2025-08-08T08:42:28","slug":"bacias","status":"publish","type":"page","link":"https:\/\/angola.majiyetu.org\/en\/bacias\/","title":{"rendered":"Basins"},"content":{"rendered":"<nav style=\"background-color: #f6ffe3; font-size:21px;\" class=\"has-background is-responsive items-justified-space-between alignfull wp-block-navigation is-content-justification-space-between is-layout-flex wp-container-core-navigation-is-layout-cfe5ce44 wp-block-navigation-is-layout-flex\" aria-label=\"MainMenuGuten2\" \n\t\t data-wp-interactive=\"core\/navigation\" data-wp-context='{\"overlayOpenedBy\":{\"click\":false,\"hover\":false,\"focus\":false},\"type\":\"overlay\",\"roleAttribute\":\"\",\"ariaLabel\":\"Menu\"}'><button aria-haspopup=\"dialog\" aria-label=\"Open menu\" class=\"wp-block-navigation__responsive-container-open\" \n\t\t\t\tdata-wp-on--click=\"actions.openMenuOnClick\"\n\t\t\t\tdata-wp-on--keydown=\"actions.handleMenuKeydown\"\n\t\t\t><svg width=\"24\" height=\"24\" xmlns=\"http:\/\/www.w3.org\/2000\/svg\" viewbox=\"0 0 24 24\" aria-hidden=\"true\" focusable=\"false\"><path d=\"M4 7.5h16v1.5H4z\"><\/path><path d=\"M4 15h16v1.5H4z\"><\/path><\/svg><\/button>\n\t\t\t\t<div class=\"wp-block-navigation__responsive-container\"  id=\"modal-2\" \n\t\t\t\tdata-wp-class--has-modal-open=\"state.isMenuOpen\"\n\t\t\t\tdata-wp-class--is-menu-open=\"state.isMenuOpen\"\n\t\t\t\tdata-wp-watch=\"callbacks.initMenu\"\n\t\t\t\tdata-wp-on--keydown=\"actions.handleMenuKeydown\"\n\t\t\t\tdata-wp-on--focusout=\"actions.handleMenuFocusout\"\n\t\t\t\ttabindex=\"-1\"\n\t\t\t>\n\t\t\t\t\t<div class=\"wp-block-navigation__responsive-close\" tabindex=\"-1\">\n\t\t\t\t\t\t<div class=\"wp-block-navigation__responsive-dialog\" \n\t\t\t\tdata-wp-bind--aria-modal=\"state.ariaModal\"\n\t\t\t\tdata-wp-bind--aria-label=\"state.ariaLabel\"\n\t\t\t\tdata-wp-bind--role=\"state.roleAttribute\"\n\t\t\t>\n\t\t\t\t\t\t\t<button aria-label=\"Close menu\" class=\"wp-block-navigation__responsive-container-close\" \n\t\t\t\tdata-wp-on--click=\"actions.closeMenuOnClick\"\n\t\t\t><svg xmlns=\"http:\/\/www.w3.org\/2000\/svg\" viewbox=\"0 0 24 24\" width=\"24\" height=\"24\" aria-hidden=\"true\" focusable=\"false\"><path d=\"m13.06 12 6.47-6.47-1.06-1.06L12 10.94 5.53 4.47 4.47 5.53 10.94 12l-6.47 6.47 1.06 1.06L12 13.06l6.47 6.47 1.06-1.06L13.06 12Z\"><\/path><\/svg><\/button>\n\t\t\t\t\t\t\t<div class=\"wp-block-navigation__responsive-container-content\" \n\t\t\t\tdata-wp-watch=\"callbacks.focusFirstElement\"\n\t\t\t id=\"modal-2-content\">\n\t\t\t\t\t\t\t\t<ul style=\"background-color: #f6ffe3; font-size:21px;\" class=\"wp-block-navigation__container has-background is-responsive items-justified-space-between alignfull wp-block-navigation\"><li data-wp-context=\"{ &quot;submenuOpenedBy&quot;: { &quot;click&quot;: false, &quot;hover&quot;: false, &quot;focus&quot;: false }, &quot;type&quot;: &quot;submenu&quot;, &quot;modal&quot;: null, &quot;previousFocus&quot;: null }\" data-wp-interactive=\"core\/navigation\" data-wp-on--focusout=\"actions.handleMenuFocusout\" data-wp-on--keydown=\"actions.handleMenuKeydown\" data-wp-on--pointerenter=\"actions.openMenuOnHover\" data-wp-on--pointerleave=\"actions.closeMenuOnHover\" data-wp-watch=\"callbacks.initMenu\" tabindex=\"-1\" style=\"font-size: 21px;\" class=\"wp-block-navigation-item has-child open-on-hover-click wp-block-navigation-submenu\"><a class=\"wp-block-navigation-item__content\" href=\"https:\/\/angola.majiyetu.org\/\"><span class=\"wp-block-navigation-item__label\">Base Maps and Data<\/span><\/a><button data-wp-bind--aria-expanded=\"state.isMenuOpen\" data-wp-on--click=\"actions.toggleMenuOnClick\" aria-label=\"Mapas de base e Dados submenu\" class=\"wp-block-navigation__submenu-icon wp-block-navigation-submenu__toggle\" ><svg xmlns=\"http:\/\/www.w3.org\/2000\/svg\" width=\"12\" height=\"12\" viewbox=\"0 0 12 12\" fill=\"none\" aria-hidden=\"true\" focusable=\"false\"><path d=\"M1.50002 4L6.00002 8L10.5 4\" stroke-width=\"1.5\"><\/path><\/svg><\/button><ul data-wp-on--focus=\"actions.openMenuOnFocus\" class=\"wp-block-navigation__submenu-container wp-block-navigation-submenu\"><li data-wp-context=\"{ &quot;submenuOpenedBy&quot;: { &quot;click&quot;: false, &quot;hover&quot;: false, &quot;focus&quot;: false }, &quot;type&quot;: &quot;submenu&quot;, &quot;modal&quot;: null, &quot;previousFocus&quot;: null }\" data-wp-interactive=\"core\/navigation\" data-wp-on--focusout=\"actions.handleMenuFocusout\" data-wp-on--keydown=\"actions.handleMenuKeydown\" data-wp-on--pointerenter=\"actions.openMenuOnHover\" data-wp-on--pointerleave=\"actions.closeMenuOnHover\" data-wp-watch=\"callbacks.initMenu\" tabindex=\"-1\" style=\"font-size: 21px;\" class=\"wp-block-navigation-item has-child open-on-hover-click wp-block-navigation-submenu\"><a class=\"wp-block-navigation-item__content\" href=\"https:\/\/angola.majiyetu.org\/benguela\/\"><span class=\"wp-block-navigation-item__label\">Benguela<\/span><\/a><button data-wp-bind--aria-expanded=\"state.isMenuOpen\" data-wp-on--click=\"actions.toggleMenuOnClick\" aria-label=\"Benguela submenu\" class=\"wp-block-navigation__submenu-icon wp-block-navigation-submenu__toggle\" ><svg xmlns=\"http:\/\/www.w3.org\/2000\/svg\" width=\"12\" height=\"12\" viewbox=\"0 0 12 12\" fill=\"none\" aria-hidden=\"true\" focusable=\"false\"><path d=\"M1.50002 4L6.00002 8L10.5 4\" stroke-width=\"1.5\"><\/path><\/svg><\/button><ul data-wp-on--focus=\"actions.openMenuOnFocus\" class=\"wp-block-navigation__submenu-container wp-block-navigation-submenu\"><li style=\"font-size: 21px;\" class=\"wp-block-navigation-item wp-block-navigation-link\"><a class=\"wp-block-navigation-item__content\"  href=\"https:\/\/angola.majiyetu.org\/data-and-downloads\/\"><span class=\"wp-block-navigation-item__label\">Data and Downloads<\/span><\/a><\/li><\/ul><\/li><\/ul><\/li><li data-wp-context=\"{ &quot;submenuOpenedBy&quot;: { &quot;click&quot;: false, &quot;hover&quot;: false, &quot;focus&quot;: false }, &quot;type&quot;: &quot;submenu&quot;, &quot;modal&quot;: null, &quot;previousFocus&quot;: null }\" data-wp-interactive=\"core\/navigation\" data-wp-on--focusout=\"actions.handleMenuFocusout\" data-wp-on--keydown=\"actions.handleMenuKeydown\" data-wp-on--pointerenter=\"actions.openMenuOnHover\" data-wp-on--pointerleave=\"actions.closeMenuOnHover\" data-wp-watch=\"callbacks.initMenu\" tabindex=\"-1\" style=\"font-size: 21px;\" class=\"wp-block-navigation-item has-child open-on-hover-click wp-block-navigation-submenu\"><a class=\"wp-block-navigation-item__content\" href=\"https:\/\/angola.majiyetu.org\/bacias\/\"><span class=\"wp-block-navigation-item__label\">Basins<\/span><\/a><button data-wp-bind--aria-expanded=\"state.isMenuOpen\" data-wp-on--click=\"actions.toggleMenuOnClick\" aria-label=\"Bacias submenu\" class=\"wp-block-navigation__submenu-icon wp-block-navigation-submenu__toggle\" ><svg xmlns=\"http:\/\/www.w3.org\/2000\/svg\" width=\"12\" height=\"12\" viewbox=\"0 0 12 12\" fill=\"none\" aria-hidden=\"true\" focusable=\"false\"><path d=\"M1.50002 4L6.00002 8L10.5 4\" stroke-width=\"1.5\"><\/path><\/svg><\/button><ul data-wp-on--focus=\"actions.openMenuOnFocus\" class=\"wp-block-navigation__submenu-container wp-block-navigation-submenu\"><li data-wp-context=\"{ &quot;submenuOpenedBy&quot;: { &quot;click&quot;: false, &quot;hover&quot;: false, &quot;focus&quot;: false }, &quot;type&quot;: &quot;submenu&quot;, &quot;modal&quot;: null, &quot;previousFocus&quot;: null }\" data-wp-interactive=\"core\/navigation\" data-wp-on--focusout=\"actions.handleMenuFocusout\" data-wp-on--keydown=\"actions.handleMenuKeydown\" data-wp-on--pointerenter=\"actions.openMenuOnHover\" data-wp-on--pointerleave=\"actions.closeMenuOnHover\" data-wp-watch=\"callbacks.initMenu\" tabindex=\"-1\" style=\"font-size: 21px;\" class=\"wp-block-navigation-item has-child open-on-hover-click wp-block-navigation-submenu\"><a class=\"wp-block-navigation-item__content\" href=\"https:\/\/angola.majiyetu.org\/rio-balombo\/\"><span class=\"wp-block-navigation-item__label\">Balombo River<\/span><\/a><button data-wp-bind--aria-expanded=\"state.isMenuOpen\" data-wp-on--click=\"actions.toggleMenuOnClick\" aria-label=\"Rio Balombo submenu\" class=\"wp-block-navigation__submenu-icon wp-block-navigation-submenu__toggle\" ><svg xmlns=\"http:\/\/www.w3.org\/2000\/svg\" width=\"12\" height=\"12\" viewbox=\"0 0 12 12\" fill=\"none\" aria-hidden=\"true\" focusable=\"false\"><path d=\"M1.50002 4L6.00002 8L10.5 4\" stroke-width=\"1.5\"><\/path><\/svg><\/button><ul data-wp-on--focus=\"actions.openMenuOnFocus\" class=\"wp-block-navigation__submenu-container wp-block-navigation-submenu\"><li data-wp-context=\"{ &quot;submenuOpenedBy&quot;: { &quot;click&quot;: false, &quot;hover&quot;: false, &quot;focus&quot;: false }, &quot;type&quot;: &quot;submenu&quot;, &quot;modal&quot;: null, &quot;previousFocus&quot;: null }\" data-wp-interactive=\"core\/navigation\" data-wp-on--focusout=\"actions.handleMenuFocusout\" data-wp-on--keydown=\"actions.handleMenuKeydown\" data-wp-on--pointerenter=\"actions.openMenuOnHover\" data-wp-on--pointerleave=\"actions.closeMenuOnHover\" data-wp-watch=\"callbacks.initMenu\" tabindex=\"-1\" style=\"font-size: 21px;\" class=\"wp-block-navigation-item has-child open-on-hover-click wp-block-navigation-submenu\"><a class=\"wp-block-navigation-item__content\" href=\"https:\/\/angola.majiyetu.org\/rio-balombo-canjala\/\"><span class=\"wp-block-navigation-item__label\">Balombo River (West)<\/span><\/a><button data-wp-bind--aria-expanded=\"state.isMenuOpen\" data-wp-on--click=\"actions.toggleMenuOnClick\" aria-label=\"Rio Balombo (Oeste) submenu\" class=\"wp-block-navigation__submenu-icon wp-block-navigation-submenu__toggle\" ><svg xmlns=\"http:\/\/www.w3.org\/2000\/svg\" width=\"12\" height=\"12\" viewbox=\"0 0 12 12\" fill=\"none\" aria-hidden=\"true\" focusable=\"false\"><path d=\"M1.50002 4L6.00002 8L10.5 4\" stroke-width=\"1.5\"><\/path><\/svg><\/button><ul data-wp-on--focus=\"actions.openMenuOnFocus\" class=\"wp-block-navigation__submenu-container wp-block-navigation-submenu\"><li style=\"font-size: 21px;\" class=\"wp-block-navigation-item wp-block-navigation-link\"><a class=\"wp-block-navigation-item__content\"  href=\"https:\/\/angola.majiyetu.org\/rio-balombo-canjala-rega-potencial\/\"><span class=\"wp-block-navigation-item__label\">Rio Balombo (Canjala \u2013 Rega Potencial)<\/span><\/a><\/li><\/ul><\/li><li data-wp-context=\"{ &quot;submenuOpenedBy&quot;: { &quot;click&quot;: false, &quot;hover&quot;: false, &quot;focus&quot;: false }, &quot;type&quot;: &quot;submenu&quot;, &quot;modal&quot;: null, &quot;previousFocus&quot;: null }\" data-wp-interactive=\"core\/navigation\" data-wp-on--focusout=\"actions.handleMenuFocusout\" data-wp-on--keydown=\"actions.handleMenuKeydown\" data-wp-on--pointerenter=\"actions.openMenuOnHover\" data-wp-on--pointerleave=\"actions.closeMenuOnHover\" data-wp-watch=\"callbacks.initMenu\" tabindex=\"-1\" style=\"font-size: 21px;\" class=\"wp-block-navigation-item has-child open-on-hover-click wp-block-navigation-submenu\"><a class=\"wp-block-navigation-item__content\" href=\"https:\/\/angola.majiyetu.org\/rio-balombo-chila\/\"><span class=\"wp-block-navigation-item__label\">Balombo River (Center)<\/span><\/a><button data-wp-bind--aria-expanded=\"state.isMenuOpen\" data-wp-on--click=\"actions.toggleMenuOnClick\" aria-label=\"Rio Balombo (Centro) submenu\" class=\"wp-block-navigation__submenu-icon wp-block-navigation-submenu__toggle\" ><svg xmlns=\"http:\/\/www.w3.org\/2000\/svg\" width=\"12\" height=\"12\" viewbox=\"0 0 12 12\" fill=\"none\" aria-hidden=\"true\" focusable=\"false\"><path d=\"M1.50002 4L6.00002 8L10.5 4\" stroke-width=\"1.5\"><\/path><\/svg><\/button><ul data-wp-on--focus=\"actions.openMenuOnFocus\" class=\"wp-block-navigation__submenu-container wp-block-navigation-submenu\"><li style=\"font-size: 21px;\" class=\"wp-block-navigation-item wp-block-navigation-link\"><a class=\"wp-block-navigation-item__content\"  href=\"https:\/\/angola.majiyetu.org\/wp-content\/gismaps_maps\/20231004_Socoma_pormenor_do_jardim_Benguela_Balombo\/index.html#20\/-12.25158\/14.64334\"><span class=\"wp-block-navigation-item__label\">Detailed map of Socoma's horticultural crops<\/span><\/a><\/li><\/ul><\/li><li style=\"font-size: 21px;\" class=\"wp-block-navigation-item wp-block-navigation-link\"><a class=\"wp-block-navigation-item__content\"  href=\"https:\/\/angola.majiyetu.org\/rio-balombo-balombo\/\"><span class=\"wp-block-navigation-item__label\">Balombo River (East)<\/span><\/a><\/li><\/ul><\/li><\/ul><\/li><li style=\"font-size: 21px;\" class=\"wp-block-navigation-item wp-block-navigation-link\"><a class=\"wp-block-navigation-item__content\"  href=\"https:\/\/angola.majiyetu.org\/majiyetu\/\"><span class=\"wp-block-navigation-item__label\">MajiYetu<\/span><\/a><\/li><li data-wp-context=\"{ &quot;submenuOpenedBy&quot;: { &quot;click&quot;: false, &quot;hover&quot;: false, &quot;focus&quot;: false }, &quot;type&quot;: &quot;submenu&quot;, &quot;modal&quot;: null, &quot;previousFocus&quot;: null }\" data-wp-interactive=\"core\/navigation\" data-wp-on--focusout=\"actions.handleMenuFocusout\" data-wp-on--keydown=\"actions.handleMenuKeydown\" data-wp-on--pointerenter=\"actions.openMenuOnHover\" data-wp-on--pointerleave=\"actions.closeMenuOnHover\" data-wp-watch=\"callbacks.initMenu\" tabindex=\"-1\" style=\"font-size: 21px;\" class=\"wp-block-navigation-item has-child open-on-hover-click wp-block-navigation-submenu\"><a class=\"wp-block-navigation-item__content\" href=\"https:\/\/angola.majiyetu.org\/conceito\/\"><span class=\"wp-block-navigation-item__label\">Concept<\/span><\/a><button data-wp-bind--aria-expanded=\"state.isMenuOpen\" data-wp-on--click=\"actions.toggleMenuOnClick\" aria-label=\"Conceito submenu\" class=\"wp-block-navigation__submenu-icon wp-block-navigation-submenu__toggle\" ><svg xmlns=\"http:\/\/www.w3.org\/2000\/svg\" width=\"12\" height=\"12\" viewbox=\"0 0 12 12\" fill=\"none\" aria-hidden=\"true\" focusable=\"false\"><path d=\"M1.50002 4L6.00002 8L10.5 4\" stroke-width=\"1.5\"><\/path><\/svg><\/button><ul data-wp-on--focus=\"actions.openMenuOnFocus\" class=\"wp-block-navigation__submenu-container wp-block-navigation-submenu\"><li style=\"font-size: 21px;\" class=\"wp-block-navigation-item wp-block-navigation-link\"><a class=\"wp-block-navigation-item__content\"  href=\"https:\/\/angola.majiyetu.org\/glossario\/\"><span class=\"wp-block-navigation-item__label\">Glossary<\/span><\/a><\/li><\/ul><\/li><li style=\"font-size: 21px;\" class=\"wp-block-navigation-item wp-block-navigation-link\"><a class=\"wp-block-navigation-item__content\"  href=\"https:\/\/angola.majiyetu.org\/videos-e-curso-de-sig\/\"><span class=\"wp-block-navigation-item__label\">Videos, Docs and GIS Training<\/span><\/a><\/li><li style=\"font-size: 21px;\" class=\"wp-block-navigation-item wp-block-navigation-link\"><a class=\"wp-block-navigation-item__content\"  href=\"https:\/\/angola.majiyetu.org\/197-2\/\"><span class=\"wp-block-navigation-item__label\">Contact<\/span><\/a><\/li><li style=\"font-size: 21px;\" class=\"wp-block-navigation-item wp-block-navigation-link\"><a class=\"wp-block-navigation-item__content\"  href=\"https:\/\/angola.majiyetu.org\/mapa-do-sitio\/\"><span class=\"wp-block-navigation-item__label\">Sitemap<\/span><\/a><\/li><\/ul><form role=\"search\" method=\"get\" action=\"https:\/\/angola.majiyetu.org\/en\/\" class=\"wp-block-search__button-inside wp-block-search__icon-button wp-block-search\" data-trp-original-action=\"https:\/\/angola.majiyetu.org\/en\/\"    ><label class=\"wp-block-search__label screen-reader-text\" for=\"wp-block-search__input-1\" >Search<\/label><div class=\"wp-block-search__inside-wrapper\" ><input class=\"wp-block-search__input\" id=\"wp-block-search__input-1\" placeholder=\"\" value=\"\" type=\"search\" name=\"s\" required \/><button aria-label=\"Search\" class=\"wp-block-search__button has-icon wp-element-button\" type=\"submit\" ><svg class=\"search-icon\" viewbox=\"0 0 24 24\" width=\"24\" height=\"24\">\n\t\t\t\t\t<path d=\"M13 5c-3.3 0-6 2.7-6 6 0 1.4.5 2.7 1.3 3.7l-3.8 3.8 1.1 1.1 3.8-3.8c1 .8 2.3 1.3 3.7 1.3 3.3 0 6-2.7 6-6S16.3 5 13 5zm0 10.5c-2.5 0-4.5-2-4.5-4.5s2-4.5 4.5-4.5 4.5 2 4.5 4.5-2 4.5-4.5 4.5z\"><\/path>\n\t\t\t\t<\/svg><\/button><\/div><input type=\"hidden\" name=\"trp-form-language\" value=\"en\"\/><\/form>\n\t\t\t\t\t\t\t\t\n\t\t\t\t\t\t\t<\/div>\n\t\t\t\t\t\t<\/div>\n\t\t\t\t\t<\/div>\n\t\t\t\t<\/div><\/nav>\n\n\n<p class=\"wp-block-paragraph\">Surface water resources in Angola are considered for the different river basins in Angola, ranging from 1,000 square kilometres of shared water to the 3.7 million square kilometres like for the Congo Basin. This major basin supplies water to the populations of 10 countries before flowing into the Atlantic Ocean.<\/p>\n\n\n\n<p class=\"wp-block-paragraph\">While the financing of water resources development is often defined by administrative boundaries, the management and equitable sharing of water has to be organised at river basin level, which in some cases transcends administrative boundaries.<\/p>\n\n\n\n<p class=\"wp-block-paragraph\">All surface water resources in Angola are located within the country's national border. Only the province of Cabinda has water coming from a neighbouring country.<\/p>\n\n\n\n<p class=\"wp-block-paragraph\">On this site, access to data related to the assessment and development of water resources can be obtained within administrative boundaries (in the main categories, \"province\") and at basin level (in the main category \"basin\").<\/p>\n\n\n\n<p class=\"wp-block-paragraph\">O mapa abaixo mostra as bacias principais e as bacias hidrogr\u00e1ficas independentes mais pequenas. Apenas as bacias com import\u00e2ncia econ\u00f3mica ser\u00e3o analisadas e actualizadas. As imagens de pormenor destinadas a verificar a irriga\u00e7\u00e3o e as zonas potenciais de expans\u00e3o s\u00e3o, por enquanto, <a href=\"https:\/\/angola.majiyetu.org\/wp-content\/gismaps_maps\/qgis2web_20231018_Benguela_lev01_v2\/index.html#9\/-12.9319\/14.0813\">demonstrado<\/a> for Benguela Province. A detailed analysis of the river basins and their sub-basins can be found in the \"Basin\" menu.<\/p>\n\n\n\n<p class=\"wp-block-paragraph\">Map 1.: Major River Basins and Sub-basins of Angola<\/p>\n\n\n\n<figure class=\"wp-block-image size-large\"><a href=\"https:\/\/angola.majiyetu.org\/wp-content\/uploads\/2023\/10\/Angola_Bacia_Principais.png\"><img loading=\"lazy\" decoding=\"async\" width=\"952\" height=\"1024\" src=\"https:\/\/angola.majiyetu.org\/wp-content\/uploads\/2023\/10\/Angola_Bacia_Principais-952x1024.png\" alt=\"\" class=\"wp-image-330\" srcset=\"https:\/\/angola.majiyetu.org\/wp-content\/uploads\/2023\/10\/Angola_Bacia_Principais-952x1024.png 952w, https:\/\/angola.majiyetu.org\/wp-content\/uploads\/2023\/10\/Angola_Bacia_Principais-279x300.png 279w, https:\/\/angola.majiyetu.org\/wp-content\/uploads\/2023\/10\/Angola_Bacia_Principais-768x826.png 768w, https:\/\/angola.majiyetu.org\/wp-content\/uploads\/2023\/10\/Angola_Bacia_Principais.png 1046w\" sizes=\"auto, (max-width: 952px) 100vw, 952px\" \/><\/a><\/figure>","protected":false},"excerpt":{"rendered":"<p>Os Recursos H\u00eddricos Superficiais em Angola s\u00e3o considerados para as diferentes bacias hidrogr\u00e1ficas em Angola, variando de 1.000 quil\u00f3metros quadrados de \u00e1gua partilhada at\u00e9 aos 3,7 milh\u00f5es de quil\u00f3metros quadrados da bacia do Congo. Esta grande bacia fornece \u00e1gua \u00e0s popula\u00e7\u00f5es de 10 pa\u00edses antes de desaguar no Oceano Atl\u00e2ntico. Embora o financiamento do desenvolvimento<a class=\"more-link\" href=\"https:\/\/angola.majiyetu.org\/en\/bacias\/\">Continue reading <span class=\"screen-reader-text\">&#8220;Bacias&#8221;<\/span><\/a><\/p>","protected":false},"author":1,"featured_media":0,"parent":0,"menu_order":0,"comment_status":"closed","ping_status":"closed","template":"","meta":{"_crdt_document":"","footnotes":""},"categories":[11],"tags":[],"class_list":["post-302","page","type-page","status-publish","hentry","category-bacias","entry"],"_links":{"self":[{"href":"https:\/\/angola.majiyetu.org\/en\/wp-json\/wp\/v2\/pages\/302","targetHints":{"allow":["GET"]}}],"collection":[{"href":"https:\/\/angola.majiyetu.org\/en\/wp-json\/wp\/v2\/pages"}],"about":[{"href":"https:\/\/angola.majiyetu.org\/en\/wp-json\/wp\/v2\/types\/page"}],"author":[{"embeddable":true,"href":"https:\/\/angola.majiyetu.org\/en\/wp-json\/wp\/v2\/users\/1"}],"replies":[{"embeddable":true,"href":"https:\/\/angola.majiyetu.org\/en\/wp-json\/wp\/v2\/comments?post=302"}],"version-history":[{"count":18,"href":"https:\/\/angola.majiyetu.org\/en\/wp-json\/wp\/v2\/pages\/302\/revisions"}],"predecessor-version":[{"id":761,"href":"https:\/\/angola.majiyetu.org\/en\/wp-json\/wp\/v2\/pages\/302\/revisions\/761"}],"wp:attachment":[{"href":"https:\/\/angola.majiyetu.org\/en\/wp-json\/wp\/v2\/media?parent=302"}],"wp:term":[{"taxonomy":"category","embeddable":true,"href":"https:\/\/angola.majiyetu.org\/en\/wp-json\/wp\/v2\/categories?post=302"},{"taxonomy":"post_tag","embeddable":true,"href":"https:\/\/angola.majiyetu.org\/en\/wp-json\/wp\/v2\/tags?post=302"}],"curies":[{"name":"wp","href":"https:\/\/api.w.org\/{rel}","templated":true}]}}