{"id":742,"date":"2024-10-24T14:37:18","date_gmt":"2024-10-24T14:37:18","guid":{"rendered":"https:\/\/angola.majiyetu.org\/?page_id=742"},"modified":"2025-08-08T19:23:09","modified_gmt":"2025-08-08T19:23:09","slug":"rio-balombo","status":"publish","type":"page","link":"https:\/\/angola.majiyetu.org\/en\/rio-balombo\/","title":{"rendered":"Balombo River"},"content":{"rendered":"<div class=\"wp-block-media-text is-stacked-on-mobile\"><figure class=\"wp-block-media-text__media\"><a href=\"https:\/\/angola.majiyetu.org\/wp-content\/uploads\/2023\/11\/Angola_Balombo_Basin.png\"><img loading=\"lazy\" decoding=\"async\" width=\"1024\" height=\"797\" src=\"https:\/\/angola.majiyetu.org\/wp-content\/uploads\/2023\/11\/Angola_Balombo_Basin-1024x797.png\" alt=\"\" class=\"wp-image-667 size-full\" srcset=\"https:\/\/angola.majiyetu.org\/wp-content\/uploads\/2023\/11\/Angola_Balombo_Basin-1024x797.png 1024w, https:\/\/angola.majiyetu.org\/wp-content\/uploads\/2023\/11\/Angola_Balombo_Basin-300x233.png 300w, https:\/\/angola.majiyetu.org\/wp-content\/uploads\/2023\/11\/Angola_Balombo_Basin-768x597.png 768w, https:\/\/angola.majiyetu.org\/wp-content\/uploads\/2023\/11\/Angola_Balombo_Basin-15x12.png 15w, https:\/\/angola.majiyetu.org\/wp-content\/uploads\/2023\/11\/Angola_Balombo_Basin.png 1481w\" sizes=\"auto, (max-width: 1024px) 100vw, 1024px\" \/><\/a><\/figure><div class=\"wp-block-media-text__content\">\n<p class=\"wp-block-paragraph\">Location of Rio Balombo Basin in Benguela Province. For a detailed analysis click the river section. <a href=\"https:\/\/angola.majiyetu.org\/rio-balombo-canjala\/\">Oeste Balombo (Canjala)<\/a>, <a href=\"https:\/\/angola.majiyetu.org\/rio-balombo-chila\/\">Centro Balombo (Chila)<\/a>, <a href=\"https:\/\/angola.majiyetu.org\/rio-balombo-balombo\/\">Este Balombo (Balombo)<\/a>This webpage detects irrigation activities within a buffer zone of 1 kilometer from the Rio Balombo and its tributaries.<\/p>\n<\/div><\/div>\n\n\n\n<h4 class=\"wp-block-heading has-text-align-center\">Arrastar o mapa para investigar toda a bacia do Balombo<\/h4>\n\n\n\n<p class=\"wp-block-paragraph\"><\/p>\n\n\n\n<div class=\"wp-block-columns is-layout-flex wp-container-core-columns-is-layout-8f761849 wp-block-columns-is-layout-flex\">\n<div class=\"wp-block-column is-layout-flow wp-block-column-is-layout-flow\">\n<p class=\"wp-block-paragraph\">The procedure for detecting irrigation and comparing it with the previous dry season includes the following analyses:<\/p>\n<\/div>\n\n\n\n<div class=\"wp-block-column is-layout-flow wp-block-column-is-layout-flow\"><\/div>\n<\/div>\n\n\n\n<div class=\"wp-block-columns is-layout-flex wp-container-core-columns-is-layout-8f761849 wp-block-columns-is-layout-flex\">\n<div class=\"wp-block-column is-layout-flow wp-block-column-is-layout-flow\">\n<p class=\"wp-block-paragraph\">1. Determine the dry season (monthly precipitation CHIRP)<\/p>\n<\/div>\n\n\n\n<div class=\"wp-block-column is-layout-flow wp-block-column-is-layout-flow\">\n<figure class=\"wp-block-image size-large\"><a href=\"https:\/\/angola.majiyetu.org\/wp-content\/uploads\/2024\/10\/ee-chart25-1.png\"><img loading=\"lazy\" decoding=\"async\" width=\"1024\" height=\"468\" src=\"https:\/\/angola.majiyetu.org\/wp-content\/uploads\/2024\/10\/ee-chart25-1-1024x468.png\" alt=\"\" class=\"wp-image-752\" srcset=\"https:\/\/angola.majiyetu.org\/wp-content\/uploads\/2024\/10\/ee-chart25-1-1024x468.png 1024w, https:\/\/angola.majiyetu.org\/wp-content\/uploads\/2024\/10\/ee-chart25-1-300x137.png 300w, https:\/\/angola.majiyetu.org\/wp-content\/uploads\/2024\/10\/ee-chart25-1-768x351.png 768w, https:\/\/angola.majiyetu.org\/wp-content\/uploads\/2024\/10\/ee-chart25-1-1536x702.png 1536w, https:\/\/angola.majiyetu.org\/wp-content\/uploads\/2024\/10\/ee-chart25-1-2048x935.png 2048w, https:\/\/angola.majiyetu.org\/wp-content\/uploads\/2024\/10\/ee-chart25-1-18x8.png 18w, https:\/\/angola.majiyetu.org\/wp-content\/uploads\/2024\/10\/ee-chart25-1-1568x716.png 1568w\" sizes=\"auto, (max-width: 1024px) 100vw, 1024px\" \/><\/a><figcaption class=\"wp-element-caption\">Click Graph to Enlarge<\/figcaption><\/figure>\n<\/div>\n<\/div>\n\n\n\n<div class=\"wp-block-columns is-layout-flex wp-container-core-columns-is-layout-8f761849 wp-block-columns-is-layout-flex\">\n<div class=\"wp-block-column is-layout-flow wp-block-column-is-layout-flow\">\n<p class=\"wp-block-paragraph\">2. \u00cdndice m\u00e9dio padronizado de queimadas na zona tamp\u00e3o de 1 km ao longo do rio Balambo e seus afluentes durante a esta\u00e7\u00e3o seca (maio a setembro). Quanto mais escuro, mais h\u00famida (irrigada) \u00e9 a cultura na esta\u00e7\u00e3o seca.<\/p>\n<\/div>\n\n\n\n<div class=\"wp-block-column is-layout-flow wp-block-column-is-layout-flow\">\n<p class=\"wp-block-paragraph\">Mean NBR (2024-05-08 to 2024-08-07) &#8211; Mapa<\/p>\n\n\n\n<p class=\"wp-block-paragraph\">Mean NBR (2023-05-08 to 2023-08-07) &#8211; Mapa<\/p>\n<\/div>\n<\/div>\n\n\n\n<div class=\"wp-block-columns is-layout-flex wp-container-core-columns-is-layout-8f761849 wp-block-columns-is-layout-flex\">\n<div class=\"wp-block-column is-layout-flow wp-block-column-is-layout-flow\">\n<p class=\"wp-block-paragraph\">3. Compare the NBR Index reflecting darker means the area was irrigated in 2024 but not or less during dry season of 2023.<\/p>\n<\/div>\n\n\n\n<div class=\"wp-block-column is-layout-flow wp-block-column-is-layout-flow\">\n<p class=\"wp-block-paragraph\">Chance:<\/p>\n\n\n\n<p class=\"wp-block-paragraph\">Darker increased irrigation<br>whitish little or no irrigation<\/p>\n\n\n\n<p class=\"wp-block-paragraph\">Mapa<\/p>\n<\/div>\n<\/div>","protected":false},"excerpt":{"rendered":"<p>Localiza\u00e7\u00e3o da Bacia do Rio Balombo na Prov\u00edncia de Benguela. Para uma an\u00e1lise detalhada clique na sec\u00e7\u00e3o Oeste Balombo (Canjala), Centro Balombo (Chila), Este Balombo (Balombo). Nesta p\u00e1gina web, tra\u00e7amos a irriga\u00e7\u00e3o na zona de 1 quil\u00f3metro de largura ao longo do rio Balombo e afluentes Arrastar o mapa para investigar toda a bacia do<a class=\"more-link\" href=\"https:\/\/angola.majiyetu.org\/en\/rio-balombo\/\">Continue reading <span class=\"screen-reader-text\">&#8220;Rio Balombo&#8221;<\/span><\/a><\/p>","protected":false},"author":1,"featured_media":0,"parent":0,"menu_order":0,"comment_status":"closed","ping_status":"closed","template":"Custom-GEE-Map-with-sidebar.php","meta":{"_crdt_document":"","footnotes":""},"categories":[8],"tags":[],"class_list":["post-742","page","type-page","status-publish","hentry","category-balombo","entry"],"_links":{"self":[{"href":"https:\/\/angola.majiyetu.org\/en\/wp-json\/wp\/v2\/pages\/742","targetHints":{"allow":["GET"]}}],"collection":[{"href":"https:\/\/angola.majiyetu.org\/en\/wp-json\/wp\/v2\/pages"}],"about":[{"href":"https:\/\/angola.majiyetu.org\/en\/wp-json\/wp\/v2\/types\/page"}],"author":[{"embeddable":true,"href":"https:\/\/angola.majiyetu.org\/en\/wp-json\/wp\/v2\/users\/1"}],"replies":[{"embeddable":true,"href":"https:\/\/angola.majiyetu.org\/en\/wp-json\/wp\/v2\/comments?post=742"}],"version-history":[{"count":13,"href":"https:\/\/angola.majiyetu.org\/en\/wp-json\/wp\/v2\/pages\/742\/revisions"}],"predecessor-version":[{"id":764,"href":"https:\/\/angola.majiyetu.org\/en\/wp-json\/wp\/v2\/pages\/742\/revisions\/764"}],"wp:attachment":[{"href":"https:\/\/angola.majiyetu.org\/en\/wp-json\/wp\/v2\/media?parent=742"}],"wp:term":[{"taxonomy":"category","embeddable":true,"href":"https:\/\/angola.majiyetu.org\/en\/wp-json\/wp\/v2\/categories?post=742"},{"taxonomy":"post_tag","embeddable":true,"href":"https:\/\/angola.majiyetu.org\/en\/wp-json\/wp\/v2\/tags?post=742"}],"curies":[{"name":"wp","href":"https:\/\/api.w.org\/{rel}","templated":true}]}}